{"id":1318,"date":"2021-11-21T15:12:46","date_gmt":"2021-11-21T15:12:46","guid":{"rendered":"http:\/\/dejsivoraz.net\/home\/"},"modified":"2026-03-10T16:32:54","modified_gmt":"2026-03-10T16:32:54","slug":"home","status":"publish","type":"page","link":"https:\/\/dejsivoraz.net\/?page_id=1318","title":{"rendered":"O n\u00e1s"},"content":{"rendered":"\t\t<div data-elementor-type=\"wp-page\" data-elementor-id=\"1318\" class=\"elementor elementor-1318\">\n\t\t\t\t<div class=\"elementor-element elementor-element-a0b4955 e-flex e-con-boxed e-con e-parent\" data-id=\"a0b4955\" data-element_type=\"container\" data-e-type=\"container\">\n\t\t\t\t\t<div class=\"e-con-inner\">\n\t\t\t\t<div class=\"elementor-element elementor-element-c7384c7 elementor-widget elementor-widget-heading\" data-id=\"c7384c7\" data-element_type=\"widget\" data-e-type=\"widget\" data-widget_type=\"heading.default\">\n\t\t\t\t\t<h1 class=\"elementor-heading-title elementor-size-default\">Dv\u011b \u017eeny, dv\u011b energie, jedna cesta ke zdrav\u00ed<\/h1>\t\t\t\t<\/div>\n\t\t\t\t\t<\/div>\n\t\t\t\t<\/div>\n\t\t<div class=\"elementor-element elementor-element-9f2672c e-flex e-con-boxed e-con e-parent\" data-id=\"9f2672c\" data-element_type=\"container\" data-e-type=\"container\">\n\t\t\t\t\t<div class=\"e-con-inner\">\n\t\t\t\t<div class=\"elementor-element elementor-element-5257682 elementor-widget elementor-widget-text-editor\" data-id=\"5257682\" data-element_type=\"widget\" data-e-type=\"widget\" data-widget_type=\"text-editor.default\">\n\t\t\t\t\t\t\t\t\t<p><strong>JSME<\/strong> matky, man\u017eelky a p\u0159\u00edtelkyn\u011b. Ka\u017ed\u00e1 jsme jin\u00e1 \u2013 m\u00e1me jinou energii, jin\u00fd pohled na sv\u011bt i jin\u00fd dotek. P\u0159esto se na\u0161e cesty spojily, abychom pro v\u00e1s vytvo\u0159ily prostor, kde se m\u016f\u017eete vr\u00e1tit k tomu nejd\u016fle\u017eit\u011bj\u0161\u00edmu: ke ko\u0159en\u016fm sv\u00e9 vlastn\u00ed existence a ke sv\u00e9mu zdrav\u00ed.<\/p><p><strong>Na\u0161e filozofie a praxe<\/strong><br \/>V na\u0161\u00ed praxi propojujeme dlouholet\u00e9 zku\u0161enosti s principy \u010d\u00ednsk\u00e9 medic\u00edny. Zakl\u00e1d\u00e1me si na individu\u00e1ln\u00edm p\u0159\u00edstupu, a proto vol\u00edme metody a prost\u0159edky, kter\u00e9 v\u00e1m sed\u00ed nejl\u00e9pe.<br \/>Mezi na\u0161e osv\u011bd\u010den\u00e9 pomocn\u00edky pat\u0159\u00ed i \u0161v\u00fdcarsk\u00e1 bylinn\u00e1 p\u00e9\u010de Just a Nahrin, kter\u00e1 skv\u011ble dopl\u0148uje na\u0161e terapie a pom\u00e1h\u00e1 pe\u010dovat o va\u0161e zdrav\u00ed zven\u010d\u00ed i zevnit\u0159.<\/p><p><strong>N\u00e1\u0161 c\u00edl:<\/strong> Chceme, abyste odch\u00e1zeli leh\u010d\u00ed na t\u011ble i na du\u0161i, a to v prost\u0159ed\u00ed zalo\u017een\u00e9m na profesionalit\u011b a naprost\u00e9 up\u0159\u00edmnosti.<\/p>\t\t\t\t\t\t\t\t<\/div>\n\t\t\t\t\t<\/div>\n\t\t\t\t<\/div>\n\t\t<div class=\"elementor-element elementor-element-a856ed5 e-grid e-con-boxed e-con e-parent\" data-id=\"a856ed5\" data-element_type=\"container\" data-e-type=\"container\">\n\t\t\t\t\t<div class=\"e-con-inner\">\n\t\t\t\t<div class=\"elementor-element elementor-element-56d770c elementor-invisible elementor-widget elementor-widget-image\" data-id=\"56d770c\" data-element_type=\"widget\" data-e-type=\"widget\" data-settings=\"{&quot;_animation&quot;:&quot;zoomInDown&quot;}\" data-widget_type=\"image.default\">\n\t\t\t\t\t\t\t\t\t\t\t\t\t\t\t<img fetchpriority=\"high\" decoding=\"async\" width=\"682\" height=\"1024\" src=\"https:\/\/dejsivoraz.net\/wp-content\/uploads\/2024\/05\/foto_3-682x1024.webp\" class=\"attachment-large size-large wp-image-2033\" alt=\"\" srcset=\"https:\/\/dejsivoraz.net\/wp-content\/uploads\/2024\/05\/foto_3-682x1024.webp 682w, https:\/\/dejsivoraz.net\/wp-content\/uploads\/2024\/05\/foto_3-200x300.webp 200w, https:\/\/dejsivoraz.net\/wp-content\/uploads\/2024\/05\/foto_3-768x1153.webp 768w, https:\/\/dejsivoraz.net\/wp-content\/uploads\/2024\/05\/foto_3-1023x1536.webp 1023w, https:\/\/dejsivoraz.net\/wp-content\/uploads\/2024\/05\/foto_3-1364x2048.webp 1279w, https:\/\/dejsivoraz.net\/wp-content\/uploads\/2024\/05\/foto_3-scaled.webp 1280w\" sizes=\"(max-width: 682px) 100vw, 682px\" \/>\t\t\t\t\t\t\t\t\t\t\t\t\t\t\t<\/div>\n\t\t\t\t<div class=\"elementor-element elementor-element-eaea56f elementor-invisible elementor-widget elementor-widget-image\" data-id=\"eaea56f\" data-element_type=\"widget\" data-e-type=\"widget\" data-settings=\"{&quot;_animation&quot;:&quot;zoomInDown&quot;}\" data-widget_type=\"image.default\">\n\t\t\t\t\t\t\t\t\t\t\t\t\t\t\t<img decoding=\"async\" width=\"682\" height=\"1024\" src=\"https:\/\/dejsivoraz.net\/wp-content\/uploads\/2026\/03\/foto_10-682x1024.jpg\" class=\"attachment-large size-large wp-image-2334\" alt=\"\" srcset=\"https:\/\/dejsivoraz.net\/wp-content\/uploads\/2026\/03\/foto_10-682x1024.jpg 682w, https:\/\/dejsivoraz.net\/wp-content\/uploads\/2026\/03\/foto_10-200x300.jpg 200w, https:\/\/dejsivoraz.net\/wp-content\/uploads\/2026\/03\/foto_10-768x1153.jpg 768w, https:\/\/dejsivoraz.net\/wp-content\/uploads\/2026\/03\/foto_10-1023x1536.jpg 1023w, https:\/\/dejsivoraz.net\/wp-content\/uploads\/2026\/03\/foto_10-1364x2048.jpg 1364w, https:\/\/dejsivoraz.net\/wp-content\/uploads\/2026\/03\/foto_10-scaled.jpg 1706w\" sizes=\"(max-width: 682px) 100vw, 682px\" \/>\t\t\t\t\t\t\t\t\t\t\t\t\t\t\t<\/div>\n\t\t\t\t\t<\/div>\n\t\t\t\t<\/div>\n\t\t<div class=\"elementor-element elementor-element-9b14b5e e-flex e-con-boxed e-con e-parent\" data-id=\"9b14b5e\" data-element_type=\"container\" data-e-type=\"container\">\n\t\t\t\t\t<div class=\"e-con-inner\">\n\t\t\t\t<div class=\"elementor-element elementor-element-e9f65ca elementor-widget-divider--separator-type-pattern elementor-widget-divider--view-line elementor-widget elementor-widget-divider\" data-id=\"e9f65ca\" data-element_type=\"widget\" data-e-type=\"widget\" data-widget_type=\"divider.default\">\n\t\t\t\t\t\t\t<div class=\"elementor-divider\" style=\"--divider-pattern-url: url(&quot;data:image\/svg+xml,%3Csvg xmlns=&#039;http:\/\/www.w3.org\/2000\/svg&#039; preserveAspectRatio=&#039;none&#039; overflow=&#039;visible&#039; height=&#039;100%&#039; viewBox=&#039;0 0 24 24&#039; fill=&#039;none&#039; stroke=&#039;black&#039; stroke-width=&#039;1&#039; stroke-linecap=&#039;square&#039; stroke-miterlimit=&#039;10&#039;%3E%3Cpolyline points=&#039;0,18 12,6 24,18 &#039;\/%3E%3C\/svg%3E&quot;);\">\n\t\t\t<span class=\"elementor-divider-separator\">\n\t\t\t\t\t\t<\/span>\n\t\t<\/div>\n\t\t\t\t\t\t<\/div>\n\t\t\t\t\t<\/div>\n\t\t\t\t<\/div>\n\t\t<div class=\"elementor-element elementor-element-d929d75 e-flex e-con-boxed e-con e-parent\" data-id=\"d929d75\" data-element_type=\"container\" data-e-type=\"container\">\n\t\t\t\t\t<div class=\"e-con-inner\">\n\t\t\t\t<div class=\"elementor-element elementor-element-28233cc elementor-widget elementor-widget-heading\" data-id=\"28233cc\" data-element_type=\"widget\" data-e-type=\"widget\" data-widget_type=\"heading.default\">\n\t\t\t\t\t<h1 class=\"elementor-heading-title elementor-size-default\">N\u011bjak\u00e9 ot\u00e1zky?<\/h1>\t\t\t\t<\/div>\n\t\t\t\t\t<\/div>\n\t\t\t\t<\/div>\n\t\t<div class=\"elementor-element elementor-element-800b174 e-flex e-con-boxed e-con e-parent\" data-id=\"800b174\" data-element_type=\"container\" data-e-type=\"container\">\n\t\t\t\t\t<div class=\"e-con-inner\">\n\t\t\t\t<div class=\"elementor-element elementor-element-4a5f052 elementor-widget elementor-widget-text-editor\" data-id=\"4a5f052\" data-element_type=\"widget\" data-e-type=\"widget\" data-widget_type=\"text-editor.default\">\n\t\t\t\t\t\t\t\t\t<p><span style=\"color: #020202; font-size: 17px; text-align: center;\">Pokud V\u00e1s n\u011bco zaj\u00edm\u00e1 a nena\u0161li jste tady odpov\u011b\u010f, napi\u0161te n\u00e1m. Pokud zrovna nebudeme m\u00edt ruce od oleje, ozveme se zp\u00e1tky.<\/span><\/p><p><span style=\"color: #020202; font-size: 17px; text-align: center;\"><b>Email:<\/b>\u00a0<\/span><span style=\"background-color: var(--ast-global-color-5); font-size: 17px;\"><span style=\"color: #020202;\">info@dejsivoraz.net<\/span><\/span><\/p>\t\t\t\t\t\t\t\t<\/div>\n\t\t\t\t\t<\/div>\n\t\t\t\t<\/div>\n\t\t<div class=\"elementor-element elementor-element-72930ab e-flex e-con-boxed e-con e-parent\" data-id=\"72930ab\" data-element_type=\"container\" data-e-type=\"container\">\n\t\t\t\t\t<div class=\"e-con-inner\">\n\t\t\t\t<div class=\"elementor-element elementor-element-676cdc0 elementor-align-center elementor-widget elementor-widget-button\" data-id=\"676cdc0\" data-element_type=\"widget\" data-e-type=\"widget\" data-widget_type=\"button.default\">\n\t\t\t\t\t\t\t\t\t\t<a class=\"elementor-button elementor-button-link elementor-size-sm\" href=\"https:\/\/katerina-skopalova.reservio.com\">\n\t\t\t\t\t\t<span class=\"elementor-button-content-wrapper\">\n\t\t\t\t\t\t\t\t\t<span class=\"elementor-button-text\">Online objedn\u00e1vka<\/span>\n\t\t\t\t\t<\/span>\n\t\t\t\t\t<\/a>\n\t\t\t\t\t\t\t\t<\/div>\n\t\t\t\t\t<\/div>\n\t\t\t\t<\/div>\n\t\t\t\t<\/div>\n\t\t","protected":false},"excerpt":{"rendered":"<p>Dv\u011b \u017eeny, dv\u011b energie, jedna cesta ke zdrav\u00ed JSME matky, man\u017eelky a p\u0159\u00edtelkyn\u011b. Ka\u017ed\u00e1 jsme jin\u00e1 \u2013 m\u00e1me jinou energii, jin\u00fd pohled na sv\u011bt i jin\u00fd dotek. P\u0159esto se na\u0161e &hellip; <\/p>\n","protected":false},"author":1,"featured_media":2043,"parent":0,"menu_order":1,"comment_status":"closed","ping_status":"closed","template":"","meta":{"om_disable_all_campaigns":false,"_monsterinsights_skip_tracking":false,"_monsterinsights_sitenote_active":false,"_monsterinsights_sitenote_note":"","_monsterinsights_sitenote_category":0,"_uf_show_specific_survey":0,"_uf_disable_surveys":false,"footnotes":""},"class_list":["post-1318","page","type-page","status-publish","has-post-thumbnail","hentry"],"_links":{"self":[{"href":"https:\/\/dejsivoraz.net\/index.php?rest_route=\/wp\/v2\/pages\/1318","targetHints":{"allow":["GET"]}}],"collection":[{"href":"https:\/\/dejsivoraz.net\/index.php?rest_route=\/wp\/v2\/pages"}],"about":[{"href":"https:\/\/dejsivoraz.net\/index.php?rest_route=\/wp\/v2\/types\/page"}],"author":[{"embeddable":true,"href":"https:\/\/dejsivoraz.net\/index.php?rest_route=\/wp\/v2\/users\/1"}],"replies":[{"embeddable":true,"href":"https:\/\/dejsivoraz.net\/index.php?rest_route=%2Fwp%2Fv2%2Fcomments&post=1318"}],"version-history":[{"count":189,"href":"https:\/\/dejsivoraz.net\/index.php?rest_route=\/wp\/v2\/pages\/1318\/revisions"}],"predecessor-version":[{"id":2343,"href":"https:\/\/dejsivoraz.net\/index.php?rest_route=\/wp\/v2\/pages\/1318\/revisions\/2343"}],"wp:featuredmedia":[{"embeddable":true,"href":"https:\/\/dejsivoraz.net\/index.php?rest_route=\/wp\/v2\/media\/2043"}],"wp:attachment":[{"href":"https:\/\/dejsivoraz.net\/index.php?rest_route=%2Fwp%2Fv2%2Fmedia&parent=1318"}],"curies":[{"name":"wp","href":"https:\/\/api.w.org\/{rel}","templated":true}]}}